{"id":1381,"date":"2019-02-23T19:58:44","date_gmt":"2019-02-23T18:58:44","guid":{"rendered":"http:\/\/vhsbnv09.bn-paf.de\/?page_id=1381"},"modified":"2019-02-23T19:59:06","modified_gmt":"2019-02-23T18:59:06","slug":"grundkurs-samstag-tag-1-2","status":"publish","type":"page","link":"https:\/\/vhsbnv09.bn-paf.de\/?page_id=1381","title":{"rendered":"Grundkurs Samstag Tag 2"},"content":{"rendered":"<ul>\n<li>Fotos versenden<\/li>\n<li>Diktieren<\/li>\n<li>Kontakte Suchen<\/li>\n<li>Safari Textseiten \u00fcbernehmen<\/li>\n<li>Drucken, speichern als PDF<\/li>\n<li>iBooks, B\u00fccher kaufen, lesen, merken<br \/>\nPDF laden, lesen, markieren<\/li>\n<li>Formular ausf\u00fcllen<\/li>\n<li>App laden<\/li>\n<li>Verwenden von Apps<\/li>\n<li>Laden von Apps, ZDF, ARD, BR, YouTube, DK<\/li>\n<li>Wechsel von Apps<\/li>\n<li>Multitasking<\/li>\n<li>Anordnen der Apps<\/li>\n<li>Kamera, Fotos<\/li>\n<li>W\u00fcnsche der Kursteilnehmer<\/li>\n<li>Tipps und Hilfen<\/li>\n<li>YouTube<\/li>\n<li>Tutorials<\/li>\n<li>Fotos, fotografieren, bearbeiten, Anhang speichern,<\/li>\n<li>Wiederholung<\/li>\n<li>Fazit<\/li>\n<\/ul>\n","protected":false},"excerpt":{"rendered":"<p>Fotos versenden Diktieren Kontakte Suchen Safari Textseiten \u00fcbernehmen Drucken, speichern als PDF iBooks, B\u00fccher kaufen, lesen, merken PDF laden, lesen, markieren Formular ausf\u00fcllen App laden Verwenden von Apps Laden von Apps, ZDF, ARD, BR, YouTube, DK Wechsel von Apps Multitasking &hellip; <a href=\"https:\/\/vhsbnv09.bn-paf.de\/?page_id=1381\">Weiterlesen <span class=\"meta-nav\">&rarr;<\/span><\/a><\/p>\n","protected":false},"author":1,"featured_media":0,"parent":600,"menu_order":1,"comment_status":"closed","ping_status":"closed","template":"","meta":[],"_links":{"self":[{"href":"https:\/\/vhsbnv09.bn-paf.de\/index.php?rest_route=\/wp\/v2\/pages\/1381"}],"collection":[{"href":"https:\/\/vhsbnv09.bn-paf.de\/index.php?rest_route=\/wp\/v2\/pages"}],"about":[{"href":"https:\/\/vhsbnv09.bn-paf.de\/index.php?rest_route=\/wp\/v2\/types\/page"}],"author":[{"embeddable":true,"href":"https:\/\/vhsbnv09.bn-paf.de\/index.php?rest_route=\/wp\/v2\/users\/1"}],"replies":[{"embeddable":true,"href":"https:\/\/vhsbnv09.bn-paf.de\/index.php?rest_route=%2Fwp%2Fv2%2Fcomments&post=1381"}],"version-history":[{"count":3,"href":"https:\/\/vhsbnv09.bn-paf.de\/index.php?rest_route=\/wp\/v2\/pages\/1381\/revisions"}],"predecessor-version":[{"id":1384,"href":"https:\/\/vhsbnv09.bn-paf.de\/index.php?rest_route=\/wp\/v2\/pages\/1381\/revisions\/1384"}],"up":[{"embeddable":true,"href":"https:\/\/vhsbnv09.bn-paf.de\/index.php?rest_route=\/wp\/v2\/pages\/600"}],"wp:attachment":[{"href":"https:\/\/vhsbnv09.bn-paf.de\/index.php?rest_route=%2Fwp%2Fv2%2Fmedia&parent=1381"}],"curies":[{"name":"wp","href":"https:\/\/api.w.org\/{rel}","templated":true}]}}