{"id":1401,"date":"2019-11-01T15:56:48","date_gmt":"2019-11-01T14:56:48","guid":{"rendered":"http:\/\/vhsbnv09.bn-paf.de\/?page_id=1401"},"modified":"2020-01-30T08:33:31","modified_gmt":"2020-01-30T07:33:31","slug":"schnupperkurs","status":"publish","type":"page","link":"https:\/\/vhsbnv09.bn-paf.de\/?page_id=1401","title":{"rendered":"Schnupperkurs"},"content":{"rendered":"<div class=\"page\" title=\"Page 2\">\n<div class=\"layoutArea\">\n<div class=\"column\"><\/div>\n<\/div>\n<\/div>\n<p>Ein Tablett oder eine Tablette f\u00fcr das Internet?<\/p>\n<p>Gemeint ist ein Tablet, aus dem Englischen f\u00fcr Tablet-PC oder -Computer. Dahinter verbirgt sich ein schreibtafel\u00e4hnliches elektronisches Ger\u00e4t, mit dem man Zugang zum Internet hat und praktische Aufgaben aus dem Alltag bew\u00e4ltigen sowie digitale Unterhaltungsangebote nutzen kann. Das Ger\u00e4t besteht aus einem Bildschirm mit einer ber\u00fchrbaren Bedien- oberfl\u00e4che, einem so genannten Touchscreen, darin eingebaut sind der Ein-\/ Ausschaltknopf, der Lautsprecher und die Anschl\u00fcsse f\u00fcr Kopfh\u00f6rer und Ladekabel. Das Tablet ist sehr handlich, \u00a0gr\u00f6\u00dfer als ein Mobiltelefon und etwas kleiner als ein A4-Blatt, so flach wie eine Zeitschrift und es l\u00e4sst sich direkt am Bildschirm mit dem Daumen und Zeigefinger bedienen, d.h. nach links und rechts streichen, ziehen, antippen und los geht\u2019s.<\/p>\n<p>Die Gesten sind in Kapitel 3.3 erkl\u00e4rt.<br \/>\nMit dem Tablet lassen sich Inhalte aus dem Internet aufrufen wie mit einem Computer. Dazu \u00f6ffnet man den Webbrowser (z.B. Internet Explorer, Firefox, Safari) und gibt die Internetadresse der Webseite ein, die man besuchen m\u00f6chte. Dar\u00fcber<\/p>\n<p>2. Mein Tablet und ich<br \/>\n2.1 Uta Stock auf Reisen<br \/>\nUta Stock lebt in Hamburg. In diesem Jahr m\u00f6chte sie ihre Freundin Elisabeth Kaiser in M\u00fcnchen besuchen und freut sich, dass das neue Tablet dabei n\u00fctzlich ist.<br \/>\nhinaus bietet das Tablet auch die M\u00f6glichkeit, kleine Programme \u2013 so genannte Apps &#8211; zu nutzen, die in Verbindung mit dem Internet praktische Informationen liefern. Diese kleinen Programme \u00f6ffnet man durch kurzes Tippen mit dem Zeigefinger auf das entsprechende Bild oder Icon auf der Bildschirmoberfl\u00e4che und erh\u00e4lt die gew\u00fcnschte Information. Tablets sind zudem mit einer Kamera, Mikrofon und Kopfh\u00f6rereingang ausgestattet, so dass die Aufnahme von Fotos, Videotelefonie und das H\u00f6ren von Musik m\u00f6glich ist.<br \/>\nWie ein Tablet-PC bedient wird, welche Angebote \u00fcber dieses Ger\u00e4t genutzt werden k\u00f6nnen und wie ein Tablet nach eigenen Interessen und Bed\u00fcrfnissen eingesetzt werden kann, wird in dieser Brosch\u00fcre, die insbesondere die Interessen von Seniorinnen und Senioren beachtet, vorgestellt. Neuartige Begriffe im Zusammenhang mit der Tabletnutzung werden im Glossar ab Seite 26 erl\u00e4utert.<br \/>\nBitte beachten Sie, dass diese Brosch\u00fcre nur einen kleinen Teil der gro\u00dfen Produktvielfalt widerspiegeln kann, die rund um die Tabletnutzung existiert.<\/p>\n<div class=\"page\" title=\"Page 2\">\n<div class=\"layoutArea\">\n<div class=\"column\">\n<p><a href=\"https:\/\/www.digitale-chancen.de\/content\/downloads\/index.cfm\/secid.137\/secid2.0\/key.1064\/lang.1\" target=\"_blank\" rel=\"noopener\">Stiftung Digitale Chancen<\/a><\/p>\n<\/div>\n<\/div>\n<\/div>\n<p>Wie man ein Tablet bedient und wie man es nach eigenen Interessen und Bed\u00fcrfnissen nutzen kann, wird in der Brosch\u00fcre &#8222;Mein Tablet und ich&#8220; veranschaulicht. Sie enth\u00e4lt Hinweise f\u00fcr Verbraucherinnen und Verbraucher und ist insbesondere an den Interessen von Seniorinnen und Senioren ausgerichtet. Funktionen und Bedienung des Tablets werden erkl\u00e4rt sowie die individuellen Nutzungsm\u00f6glichkeiten, die ein Tablet bietet. Au\u00dferdem findet man Anleitungen zur Einrichtung eines Google-Kontos oder einer Apple-ID, aber auch neuartige Begriffe, die man im Zusammenhang mit der Tabletnutzung verwendet, werden im Glossar erl\u00e4utert.<\/p>\n<p>Die Brosch\u00fcre richtet sich an Einsteigerinnen und Einsteiger, die mehr \u00fcber Tablets erfahren m\u00f6chten und bietet eine Orientierung f\u00fcr die erste Nutzung dieser Ger\u00e4te.<\/p>\n<p>Im Rahmen der Fachtagung zur europ\u00e4ischen Get-Online-Week 2013 wurde die Brosch\u00fcre von der Stiftung Digitale Chancen in Kooperation mit der Arbeitsgemeinschaft Internet erfahren, dem Bundesministerium f\u00fcr Familie, Senioren, Frauen und Jugend sowie dem Bundesministerium f\u00fcr Verbraucherschutz erstellt. Die Stiftung Digitale Chancen l\u00e4sst hier auch die Erfahrungen einflie\u00dfen, die im Projekt &#8222;Tablet-PCs f\u00fcr Seniorinnen und Senioren&#8220; gemacht wurden.<\/p>\n<p><a href=\"http:\/\/vhsbnv09.bn-paf.de\/wp-content\/uploads\/2019\/11\/Tablet_Broschuere_SDC_final.pdf\" target=\"_blank\" rel=\"noopener\">Tablet_Broschuere_SDC_final<\/a><\/p>\n<p><a href=\"http:\/\/vhsbnv09.bn-paf.de\/wp-content\/uploads\/2019\/11\/auswahltn.pdf\" target=\"_blank\" rel=\"noopener\">auswahltn.pdf<\/a><\/p>\n<p>&nbsp;<\/p>\n","protected":false},"excerpt":{"rendered":"<p>Ein Tablett oder eine Tablette f\u00fcr das Internet? Gemeint ist ein Tablet, aus dem Englischen f\u00fcr Tablet-PC oder -Computer. Dahinter verbirgt sich ein schreibtafel\u00e4hnliches elektronisches Ger\u00e4t, mit dem man Zugang zum Internet hat und praktische Aufgaben aus dem Alltag bew\u00e4ltigen &hellip; <a href=\"https:\/\/vhsbnv09.bn-paf.de\/?page_id=1401\">Weiterlesen <span class=\"meta-nav\">&rarr;<\/span><\/a><\/p>\n","protected":false},"author":1,"featured_media":0,"parent":1397,"menu_order":1,"comment_status":"closed","ping_status":"closed","template":"onecolumn-page.php","meta":[],"_links":{"self":[{"href":"https:\/\/vhsbnv09.bn-paf.de\/index.php?rest_route=\/wp\/v2\/pages\/1401"}],"collection":[{"href":"https:\/\/vhsbnv09.bn-paf.de\/index.php?rest_route=\/wp\/v2\/pages"}],"about":[{"href":"https:\/\/vhsbnv09.bn-paf.de\/index.php?rest_route=\/wp\/v2\/types\/page"}],"author":[{"embeddable":true,"href":"https:\/\/vhsbnv09.bn-paf.de\/index.php?rest_route=\/wp\/v2\/users\/1"}],"replies":[{"embeddable":true,"href":"https:\/\/vhsbnv09.bn-paf.de\/index.php?rest_route=%2Fwp%2Fv2%2Fcomments&post=1401"}],"version-history":[{"count":3,"href":"https:\/\/vhsbnv09.bn-paf.de\/index.php?rest_route=\/wp\/v2\/pages\/1401\/revisions"}],"predecessor-version":[{"id":1643,"href":"https:\/\/vhsbnv09.bn-paf.de\/index.php?rest_route=\/wp\/v2\/pages\/1401\/revisions\/1643"}],"up":[{"embeddable":true,"href":"https:\/\/vhsbnv09.bn-paf.de\/index.php?rest_route=\/wp\/v2\/pages\/1397"}],"wp:attachment":[{"href":"https:\/\/vhsbnv09.bn-paf.de\/index.php?rest_route=%2Fwp%2Fv2%2Fmedia&parent=1401"}],"curies":[{"name":"wp","href":"https:\/\/api.w.org\/{rel}","templated":true}]}}