{"id":1504,"date":"2020-01-11T18:54:35","date_gmt":"2020-01-11T17:54:35","guid":{"rendered":"http:\/\/vhsbnv09.bn-paf.de\/?page_id=1504"},"modified":"2020-01-11T20:06:09","modified_gmt":"2020-01-11T19:06:09","slug":"lektion-1-einschalten-gesten-wlan","status":"publish","type":"page","link":"https:\/\/vhsbnv09.bn-paf.de\/?page_id=1504","title":{"rendered":"Lektion 1 Einschalten, Gesten, WLAN"},"content":{"rendered":"<p data-reader-unique-id=\"titleElement\"><a href=\"https:\/\/support.google.com\/pixelphone\/answer\/7086887\" target=\"_blank\" rel=\"noopener\">Pixel Phone Hilfe<\/a><\/p>\n<h1 class=\"title\" data-reader-unique-id=\"titleElement\">Touch-Gesten in TalkBack<\/h1>\n<p data-reader-unique-id=\"1\">Touch-Gesten erm\u00f6glichen eine schnelle Navigation auf Ihrem Ger\u00e4t.<\/p>\n<p data-reader-unique-id=\"2\">Es gibt bei TalkBack drei Arten von Touch-Gesten: Standard-Touch-Gesten, Touch-Gesten zu einem Punkt und zur\u00fcck sowie Winkel-Touch-Gesten. F\u00fchren Sie alle Touch-Gesten ohne abzusetzen, bei gleichm\u00e4\u00dfiger Geschwindigkeit und mit einheitlichem Druck aus.<\/p>\n<h2 data-reader-unique-id=\"3\">Standard-Touch-Gesten<\/h2>\n<div class=\"scrollable\">\n<table data-reader-unique-id=\"4\">\n<tbody data-reader-unique-id=\"5\">\n<tr data-reader-unique-id=\"6\">\n<th data-reader-unique-id=\"7\">\n<p data-reader-unique-id=\"8\">Aktion<\/p>\n<\/th>\n<th data-reader-unique-id=\"9\">\n<p data-reader-unique-id=\"10\">Touch-Geste<\/p>\n<\/th>\n<\/tr>\n<tr data-reader-unique-id=\"11\">\n<td data-reader-unique-id=\"12\">Zum n\u00e4chsten Bildschirmelement wechseln<\/td>\n<td data-reader-unique-id=\"13\">Nach rechts wischen<\/td>\n<\/tr>\n<tr data-reader-unique-id=\"14\">\n<td data-reader-unique-id=\"15\">Zum vorherigen Bildschirmelement wechseln<\/td>\n<td data-reader-unique-id=\"16\">Nach links wischen<\/td>\n<\/tr>\n<tr data-reader-unique-id=\"17\">\n<td data-reader-unique-id=\"18\">Durch die Navigationseinstellungen zirkulieren<\/td>\n<td data-reader-unique-id=\"19\">Hoch- oder herunterwischen<\/td>\n<\/tr>\n<tr data-reader-unique-id=\"20\">\n<td data-reader-unique-id=\"21\">Element im Fokus ausw\u00e4hlen<\/td>\n<td data-reader-unique-id=\"22\">Doppeltippen<\/td>\n<\/tr>\n<\/tbody>\n<\/table>\n<\/div>\n<h2 data-reader-unique-id=\"23\">Touch-Gesten zu einem Punkt und zur\u00fcck<\/h2>\n<div class=\"scrollable\">\n<table data-reader-unique-id=\"24\">\n<tbody data-reader-unique-id=\"25\">\n<tr data-reader-unique-id=\"26\">\n<th data-reader-unique-id=\"27\">\n<p data-reader-unique-id=\"28\">Aktion<\/p>\n<\/th>\n<th data-reader-unique-id=\"29\">\n<p data-reader-unique-id=\"30\">Ziehbewegung<\/p>\n<\/th>\n<\/tr>\n<tr data-reader-unique-id=\"31\">\n<td data-reader-unique-id=\"32\">Zum ersten Bildschirmelement wechseln<\/td>\n<td data-reader-unique-id=\"33\">Nach oben und dann nach unten<\/td>\n<\/tr>\n<tr data-reader-unique-id=\"34\">\n<td data-reader-unique-id=\"35\">Zum letzten Bildschirmelement wechseln<\/td>\n<td data-reader-unique-id=\"36\">Nach unten und dann nach oben<\/td>\n<\/tr>\n<tr data-reader-unique-id=\"37\">\n<td data-reader-unique-id=\"38\">Nach vorne scrollen<br data-reader-unique-id=\"39\" \/>(auf einer Seite, die \u00fcber einen Bildschirm hinausgeht)<\/td>\n<td data-reader-unique-id=\"40\">Nach rechts und dann nach links<\/td>\n<\/tr>\n<tr data-reader-unique-id=\"41\">\n<td data-reader-unique-id=\"42\">Nach hinten scrollen<br data-reader-unique-id=\"43\" \/>(auf einer Seite, die \u00fcber einen Bildschirm hinausgeht)<\/td>\n<td data-reader-unique-id=\"44\">Nach links und dann nach rechts<\/td>\n<\/tr>\n<tr data-reader-unique-id=\"45\">\n<td data-reader-unique-id=\"46\">Schieberegler nach oben schieben<br data-reader-unique-id=\"47\" \/>(zum Beispiel f\u00fcr die Lautst\u00e4rke)<\/td>\n<td data-reader-unique-id=\"48\">Nach rechts und dann nach links<\/td>\n<\/tr>\n<tr data-reader-unique-id=\"49\">\n<td data-reader-unique-id=\"50\">Schieberegler nach unten schieben<br data-reader-unique-id=\"51\" \/>(zum Beispiel f\u00fcr die Lautst\u00e4rke)<\/td>\n<td data-reader-unique-id=\"52\">Nach links und dann nach rechts<\/td>\n<\/tr>\n<\/tbody>\n<\/table>\n<\/div>\n<h2 data-reader-unique-id=\"53\">Winkel-Touch-Gesten<\/h2>\n<p data-reader-unique-id=\"54\">Hierbei handelt es sich um zwei Ziehbewegungen im rechten Winkel zueinander. Die standardm\u00e4\u00dfig festgelegte Touch-Geste, um zum Startbildschirm zu gelangen, ist beispielsweise ein Ziehen nach oben und dann im rechten Winkel nach links.<\/p>\n<div class=\"scrollable\">\n<table data-reader-unique-id=\"55\">\n<tbody data-reader-unique-id=\"56\">\n<tr data-reader-unique-id=\"57\">\n<th data-reader-unique-id=\"58\">\n<p data-reader-unique-id=\"59\">Aktion<\/p>\n<\/th>\n<th data-reader-unique-id=\"60\">\n<p data-reader-unique-id=\"61\">Ziehbewegung<\/p>\n<\/th>\n<\/tr>\n<tr data-reader-unique-id=\"62\">\n<td data-reader-unique-id=\"63\">Startbildschirm<\/td>\n<td data-reader-unique-id=\"64\">Nach oben und dann nach links<\/td>\n<\/tr>\n<tr data-reader-unique-id=\"65\">\n<td data-reader-unique-id=\"66\">Zur\u00fcck<\/td>\n<td data-reader-unique-id=\"67\">Nach unten und dann nach links<\/td>\n<\/tr>\n<tr data-reader-unique-id=\"68\">\n<td data-reader-unique-id=\"69\">\u00dcberblick<\/td>\n<td data-reader-unique-id=\"70\">Nach links und dann nach oben<\/td>\n<\/tr>\n<tr data-reader-unique-id=\"71\">\n<td data-reader-unique-id=\"72\">Benachrichtigungen<\/td>\n<td data-reader-unique-id=\"73\">Nach rechts und dann nach unten<br data-reader-unique-id=\"74\" \/>(siehe Hinweis unten)<\/td>\n<\/tr>\n<tr data-reader-unique-id=\"75\">\n<td data-reader-unique-id=\"76\">Bildschirmsuche<\/td>\n<td data-reader-unique-id=\"77\">Nach links und dann nach unten<\/td>\n<\/tr>\n<tr data-reader-unique-id=\"78\">\n<td data-reader-unique-id=\"79\"><a href=\"safari-reader:\/\/support.google.com\/accessibility\/android\/answer\/6007066\" data-reader-unique-id=\"80\">Lokales Kontextmen\u00fc<\/a> \u00f6ffnen<\/td>\n<td data-reader-unique-id=\"81\">Nach oben und dann nach rechts<\/td>\n<\/tr>\n<tr data-reader-unique-id=\"82\">\n<td data-reader-unique-id=\"83\"><a href=\"safari-reader:\/\/support.google.com\/accessibility\/android\/answer\/6007066\" data-reader-unique-id=\"84\">Globales Kontextmen\u00fc<\/a> \u00f6ffnen<\/td>\n<td data-reader-unique-id=\"85\">Nach unten und dann nach rechts<\/td>\n<\/tr>\n<\/tbody>\n<\/table>\n<\/div>\n<p data-reader-unique-id=\"86\"><strong data-reader-unique-id=\"87\">Hinweis<\/strong>: Die Touch-Gesten f\u00fcr Benachrichtigungen, nach rechts und dann nach unten ziehen, ist nur in einigen TalkBack-Versionen verf\u00fcgbar. Wenn sie auf Ihrem Ger\u00e4t nicht funktioniert, wischen Sie stattdessen mit zwei Fingern vom oberen Bildschirmrand nach unten, um die Benachrichtigungsleiste zu \u00f6ffnen.<\/p>\n<h2 data-reader-unique-id=\"88\">Tipp: Touch-Gesten mit zwei Fingern verwenden<\/h2>\n<p data-reader-unique-id=\"89\">Alle Touch-Gesten in TalkBack werden mit einem Finger ausgef\u00fchrt. Wenn Sie nur einen Finger f\u00fcr die Touch-Geste auf dem Bildschirm einsetzen, wird die Ber\u00fchrung oder die Bewegung ausschlie\u00dflich von TalkBack erkannt.<\/p>\n<p data-reader-unique-id=\"90\">Wenn Sie zwei oder mehr Finger verwenden, wird die Ber\u00fchrung oder die Touch-Geste direkt von der App und nicht von TalkBack erfasst. Beispielsweise k\u00f6nnen Sie mit zwei Fingern scrollen.<\/p>\n<p data-reader-unique-id=\"91\">In einigen Apps k\u00f6nnen Sie zoomen, indem Sie zwei Finger auf den Bildschirm setzen und sie zusammen- oder auseinanderziehen. Diese Touch-Gesten funktionieren auch, wenn TalkBack aktiviert ist, da dabei zwei Finger verwendet werden.<\/p>\n<h2 data-reader-unique-id=\"92\">Tipp: Touch-Gesten in TalkBack anpassen<\/h2>\n<p data-reader-unique-id=\"93\">Sie k\u00f6nnen die oben aufgef\u00fchrten, standardm\u00e4\u00dfig eingestellten Touch-Gesten mit einem Finger beibehalten oder ihnen neue Aktionen zuweisen.<\/p>\n<p data-reader-unique-id=\"94\">So k\u00f6nnen Sie neue Aktionen zuweisen:<\/p>\n<ol data-reader-unique-id=\"95\">\n<li data-reader-unique-id=\"96\">\u00d6ffnen Sie auf Ihrem Ger\u00e4t die App &#8222;Einstellungen&#8220;\u00a0<img loading=\"lazy\" class=\"reader-image-tiny\" title=\"Einstellungen\" src=\"safari-reader:\/\/lh3.googleusercontent.com\/iPSQv8FZ9_jTjgwlX6dv2F3wgCXcWikXLuNE8zwI5ICdCjt_Ief-IpH1vj6m8RVZ1w=w18-h18\" alt=\"Einstellungen\" width=\"18\" height=\"18\" data-reader-unique-id=\"97\" \/>.<\/li>\n<li data-reader-unique-id=\"98\">W\u00e4hlen Sie <strong data-reader-unique-id=\"99\">Bedienungshilfen<\/strong> und dann <strong data-reader-unique-id=\"100\">TalkBack<\/strong> aus.<\/li>\n<li data-reader-unique-id=\"101\">W\u00e4hlen Sie <strong data-reader-unique-id=\"102\">Einstellungen<\/strong> und dann <strong data-reader-unique-id=\"103\">Touch-Gesten<\/strong> aus.<\/li>\n<li data-reader-unique-id=\"104\">W\u00e4hlen Sie die Touch-Geste aus, der Sie eine neue Aktion zuweisen m\u00f6chten.\n<ul data-reader-unique-id=\"105\">\n<li data-reader-unique-id=\"106\"><strong data-reader-unique-id=\"107\">Hinweis<\/strong>: Wenn Ihr Android-Ger\u00e4t \u00fcber einen Fingerabdrucksensor verf\u00fcgt, k\u00f6nnen Sie Fingerabdruck-Touch-Gesten mit TalkBack verwenden.<\/li>\n<\/ul>\n<\/li>\n<li data-reader-unique-id=\"108\">W\u00e4hlen Sie die Aktion aus, die Sie der Touch-Gesten zuweisen m\u00f6chten. Sie k\u00f6nnen Touch-Gesten die oben aufgelisteten oder die folgenden Aktionen zuweisen:\n<ul data-reader-unique-id=\"109\">\n<li data-reader-unique-id=\"110\">Schnelleinstellungen \u00f6ffnen<\/li>\n<li data-reader-unique-id=\"111\">Von oben an lesen<\/li>\n<li data-reader-unique-id=\"112\">Ab dem n\u00e4chsten Element lesen<\/li>\n<li data-reader-unique-id=\"113\">Aktionen anzeigen<\/li>\n<li data-reader-unique-id=\"114\">Bearbeiten<\/li>\n<li data-reader-unique-id=\"115\">Sprachen<\/li>\n<li data-reader-unique-id=\"116\">Klick ausf\u00fchren<\/li>\n<\/ul>\n<\/li>\n<\/ol>\n<p>WLAN Einschalten<\/p>\n<ol class=\"list-group stepList\">\n<li class=\"list-group-item list-group-item-action list-group-item-primary\" data-step=\"0\">\u00d6ffne die <strong>Einstellungen<\/strong><\/li>\n<li class=\"list-group-item list-group-item-action \" data-step=\"1\">\u00d6ffne <strong>Netzwerk &amp; Internet<\/strong><\/li>\n<li class=\"list-group-item list-group-item-action \" data-step=\"2\">Aktiviere <strong>WLAN<\/strong><\/li>\n<li class=\"list-group-item list-group-item-action \" data-step=\"3\">Tippe auf <strong>WLAN<\/strong><\/li>\n<li class=\"list-group-item list-group-item-action \" data-step=\"4\">W\u00e4hle das <strong>Netzwerk<\/strong>, mit dem du dich verbinden m\u00f6chtest<\/li>\n<li class=\"list-group-item list-group-item-action \" data-step=\"5\">Gib das WLAN Passwort ein und best\u00e4tige mit <strong>VERBINDEN<\/strong><\/li>\n<\/ol>\n","protected":false},"excerpt":{"rendered":"<p>Pixel Phone Hilfe Touch-Gesten in TalkBack Touch-Gesten erm\u00f6glichen eine schnelle Navigation auf Ihrem Ger\u00e4t. Es gibt bei TalkBack drei Arten von Touch-Gesten: Standard-Touch-Gesten, Touch-Gesten zu einem Punkt und zur\u00fcck sowie Winkel-Touch-Gesten. F\u00fchren Sie alle Touch-Gesten ohne abzusetzen, bei gleichm\u00e4\u00dfiger Geschwindigkeit &hellip; <a href=\"https:\/\/vhsbnv09.bn-paf.de\/?page_id=1504\">Weiterlesen <span class=\"meta-nav\">&rarr;<\/span><\/a><\/p>\n","protected":false},"author":1,"featured_media":0,"parent":1495,"menu_order":1,"comment_status":"closed","ping_status":"closed","template":"onecolumn-page.php","meta":[],"_links":{"self":[{"href":"https:\/\/vhsbnv09.bn-paf.de\/index.php?rest_route=\/wp\/v2\/pages\/1504"}],"collection":[{"href":"https:\/\/vhsbnv09.bn-paf.de\/index.php?rest_route=\/wp\/v2\/pages"}],"about":[{"href":"https:\/\/vhsbnv09.bn-paf.de\/index.php?rest_route=\/wp\/v2\/types\/page"}],"author":[{"embeddable":true,"href":"https:\/\/vhsbnv09.bn-paf.de\/index.php?rest_route=\/wp\/v2\/users\/1"}],"replies":[{"embeddable":true,"href":"https:\/\/vhsbnv09.bn-paf.de\/index.php?rest_route=%2Fwp%2Fv2%2Fcomments&post=1504"}],"version-history":[{"count":5,"href":"https:\/\/vhsbnv09.bn-paf.de\/index.php?rest_route=\/wp\/v2\/pages\/1504\/revisions"}],"predecessor-version":[{"id":1519,"href":"https:\/\/vhsbnv09.bn-paf.de\/index.php?rest_route=\/wp\/v2\/pages\/1504\/revisions\/1519"}],"up":[{"embeddable":true,"href":"https:\/\/vhsbnv09.bn-paf.de\/index.php?rest_route=\/wp\/v2\/pages\/1495"}],"wp:attachment":[{"href":"https:\/\/vhsbnv09.bn-paf.de\/index.php?rest_route=%2Fwp%2Fv2%2Fmedia&parent=1504"}],"curies":[{"name":"wp","href":"https:\/\/api.w.org\/{rel}","templated":true}]}}