{"id":1529,"date":"2020-01-12T15:54:38","date_gmt":"2020-01-12T14:54:38","guid":{"rendered":"http:\/\/vhsbnv09.bn-paf.de\/?page_id=1529"},"modified":"2020-01-24T09:32:48","modified_gmt":"2020-01-24T08:32:48","slug":"lektion-3-kontakte-adressbuch","status":"publish","type":"page","link":"https:\/\/vhsbnv09.bn-paf.de\/?page_id=1529","title":{"rendered":"Lektion 3 Kontakte (Adressbuch)"},"content":{"rendered":"<p><a href=\"https:\/\/play.google.com\/books\/reader?id=Ub83CwAAQBAJ&amp;hl=de&amp;pg=GBS.PT59.w.7.0.26.0.2\" target=\"_blank\" rel=\"noopener\">Kontakte eingeben<\/a><\/p>\n<p>\u00dcber die App Kontakte k\u00f6nnen Sie schnell auf alle Ihre gespeicherten Kontakte zugreifen. Tippen Sie zum \u00d6ffnen auf einem Startbildschirm oder unter \u201eAlle Apps\u201d auf das Symbol Kontakte . Wenn Sie Ihr Ger\u00e4t zum ersten Mal einschalten und sich in einem Google-Konto anmelden, werden alle Kontakte dieses Kontos mit Ihrer App \u201eKontakte\u201d synchronisiert. Anschlie\u00dfend werden alle Ihre Kontakte auf Ihren verschiedenen Ger\u00e4ten oder in einem Webbrowser stets automatisch synchronisiert. Wenn Sie Exchange verwenden, k\u00f6nnen Sie diese Kontaktdaten ebenfalls mit Ihren Kontakten synchronisieren. Alle Ihre Kontakte sind in Gmail, Hangouts und anderen Apps verf\u00fcgbar. Wenn Sie Kontakte aus verschiedenen Quellen hinzuf\u00fcgen, werden diese automatisch in allen Apps synchronisiert, in denen Sie sie ben\u00f6tigen. Mit der App Kontakte ist Folgendes m\u00f6glich: Alle Kontakte oder Favoriten ansehen: Treffen Sie oben auf dem Bildschirm eine Auswahl. Kontakt hinzuf\u00fcgen: Tippen Sie auf \u201eKontakt hinzuf\u00fcgen\u201d . Details lesen: Tippen Sie auf einen Namen, um Details zu einem Kontakt oder zu einer Gruppe aufzurufen. Kontakte teilen oder h\u00e4ufig verwendete Kontakte auf dem Startbildschirm ablegen: Tippen Sie auf das Men\u00fc . Details bearbeiten: Tippen Sie beim Ansehen eines Kontakts oben auf das exportieren, Anzeigeoptionen auszuw\u00e4hlen und Konten hinzuzuf\u00fcgen oder zu bearbeiten. Weitere Informationen erhalten Sie in der Kontakte-Hilf e .<\/p>\n","protected":false},"excerpt":{"rendered":"<p>Kontakte eingeben \u00dcber die App Kontakte k\u00f6nnen Sie schnell auf alle Ihre gespeicherten Kontakte zugreifen. Tippen Sie zum \u00d6ffnen auf einem Startbildschirm oder unter \u201eAlle Apps\u201d auf das Symbol Kontakte . Wenn Sie Ihr Ger\u00e4t zum ersten Mal einschalten und &hellip; <a href=\"https:\/\/vhsbnv09.bn-paf.de\/?page_id=1529\">Weiterlesen <span class=\"meta-nav\">&rarr;<\/span><\/a><\/p>\n","protected":false},"author":1,"featured_media":0,"parent":1495,"menu_order":3,"comment_status":"closed","ping_status":"closed","template":"onecolumn-page.php","meta":[],"_links":{"self":[{"href":"https:\/\/vhsbnv09.bn-paf.de\/index.php?rest_route=\/wp\/v2\/pages\/1529"}],"collection":[{"href":"https:\/\/vhsbnv09.bn-paf.de\/index.php?rest_route=\/wp\/v2\/pages"}],"about":[{"href":"https:\/\/vhsbnv09.bn-paf.de\/index.php?rest_route=\/wp\/v2\/types\/page"}],"author":[{"embeddable":true,"href":"https:\/\/vhsbnv09.bn-paf.de\/index.php?rest_route=\/wp\/v2\/users\/1"}],"replies":[{"embeddable":true,"href":"https:\/\/vhsbnv09.bn-paf.de\/index.php?rest_route=%2Fwp%2Fv2%2Fcomments&post=1529"}],"version-history":[{"count":3,"href":"https:\/\/vhsbnv09.bn-paf.de\/index.php?rest_route=\/wp\/v2\/pages\/1529\/revisions"}],"predecessor-version":[{"id":1581,"href":"https:\/\/vhsbnv09.bn-paf.de\/index.php?rest_route=\/wp\/v2\/pages\/1529\/revisions\/1581"}],"up":[{"embeddable":true,"href":"https:\/\/vhsbnv09.bn-paf.de\/index.php?rest_route=\/wp\/v2\/pages\/1495"}],"wp:attachment":[{"href":"https:\/\/vhsbnv09.bn-paf.de\/index.php?rest_route=%2Fwp%2Fv2%2Fmedia&parent=1529"}],"curies":[{"name":"wp","href":"https:\/\/api.w.org\/{rel}","templated":true}]}}