{"id":1587,"date":"2020-01-24T10:20:11","date_gmt":"2020-01-24T09:20:11","guid":{"rendered":"http:\/\/vhsbnv09.bn-paf.de\/?page_id=1587"},"modified":"2020-01-24T10:50:47","modified_gmt":"2020-01-24T09:50:47","slug":"lektion-4-e-mail-schreiben","status":"publish","type":"page","link":"https:\/\/vhsbnv09.bn-paf.de\/?page_id=1587","title":{"rendered":"Lektion 4 E-Mail schreiben"},"content":{"rendered":"<p><a href=\"https:\/\/play.google.com\/books\/reader?id=Ub83CwAAQBAJ&amp;hl=de&amp;pg=GBS.PT53.w.8.0.13\" target=\"_blank\" rel=\"noopener\">Gmail <\/a><\/p>\n<p>Mit der App \u201eGmail\u201d k\u00f6nnen Sie auf allen Mobilger\u00e4ten E-Mails lesen und schreiben. Tippen Sie zum \u00d6ffnen auf einem Startbildschirm oder unter \u201eAlle Apps\u201d auf Gmail . Gmail bietet mehr als nur E-Mails. \u00dcber Ihr Gmail-Konto k\u00f6nnen Sie sich in allen Google-Apps und -Diensten anmelden, wie zum Beispiel den folgenden: Google Now f\u00fcr die richtigen Informationen genau im richtigen Moment Kalender Kontakte zur Verwaltung Ihrer Kontakte Google Drive f\u00fcr die Arbeit an Dokumenten Beim Lesen einer E-Mail haben Sie folgende M\u00f6glichkeiten: Tippen Sie auf die Symbole am oberen Bildschirmrand, um die E-Mail zu archivieren , zu l\u00f6schen oder als gelesen zu markieren . \u00dcber das Men\u00fc k\u00f6nnen Sie die E-Mail verschieben, ihre Labels \u00e4ndern, sie ignorieren, drucken und weitere Aktionen ausf\u00fchren. Wischen Sie nach links oder rechts, um die vorherige oder die n\u00e4chste Konversation zu lesen.<\/p>\n<p><a href=\"http:\/\/vhsbnv09.bn-paf.de\/wp-content\/uploads\/2020\/01\/Bildschirmfoto-2020-01-24-um-10.03.35.png\"><img loading=\"lazy\" class=\"aligncenter wp-image-1589 size-full\" src=\"http:\/\/vhsbnv09.bn-paf.de\/wp-content\/uploads\/2020\/01\/Bildschirmfoto-2020-01-24-um-10.03.35.png\" alt=\"\" width=\"551\" height=\"459\" srcset=\"https:\/\/vhsbnv09.bn-paf.de\/wp-content\/uploads\/2020\/01\/Bildschirmfoto-2020-01-24-um-10.03.35.png 551w, https:\/\/vhsbnv09.bn-paf.de\/wp-content\/uploads\/2020\/01\/Bildschirmfoto-2020-01-24-um-10.03.35-300x250.png 300w\" sizes=\"(max-width: 551px) 100vw, 551px\" \/><\/a><\/p>\n","protected":false},"excerpt":{"rendered":"<p>Gmail Mit der App \u201eGmail\u201d k\u00f6nnen Sie auf allen Mobilger\u00e4ten E-Mails lesen und schreiben. Tippen Sie zum \u00d6ffnen auf einem Startbildschirm oder unter \u201eAlle Apps\u201d auf Gmail . Gmail bietet mehr als nur E-Mails. \u00dcber Ihr Gmail-Konto k\u00f6nnen Sie sich &hellip; <a href=\"https:\/\/vhsbnv09.bn-paf.de\/?page_id=1587\">Weiterlesen <span class=\"meta-nav\">&rarr;<\/span><\/a><\/p>\n","protected":false},"author":1,"featured_media":0,"parent":1495,"menu_order":4,"comment_status":"closed","ping_status":"closed","template":"onecolumn-page.php","meta":[],"_links":{"self":[{"href":"https:\/\/vhsbnv09.bn-paf.de\/index.php?rest_route=\/wp\/v2\/pages\/1587"}],"collection":[{"href":"https:\/\/vhsbnv09.bn-paf.de\/index.php?rest_route=\/wp\/v2\/pages"}],"about":[{"href":"https:\/\/vhsbnv09.bn-paf.de\/index.php?rest_route=\/wp\/v2\/types\/page"}],"author":[{"embeddable":true,"href":"https:\/\/vhsbnv09.bn-paf.de\/index.php?rest_route=\/wp\/v2\/users\/1"}],"replies":[{"embeddable":true,"href":"https:\/\/vhsbnv09.bn-paf.de\/index.php?rest_route=%2Fwp%2Fv2%2Fcomments&post=1587"}],"version-history":[{"count":3,"href":"https:\/\/vhsbnv09.bn-paf.de\/index.php?rest_route=\/wp\/v2\/pages\/1587\/revisions"}],"predecessor-version":[{"id":1591,"href":"https:\/\/vhsbnv09.bn-paf.de\/index.php?rest_route=\/wp\/v2\/pages\/1587\/revisions\/1591"}],"up":[{"embeddable":true,"href":"https:\/\/vhsbnv09.bn-paf.de\/index.php?rest_route=\/wp\/v2\/pages\/1495"}],"wp:attachment":[{"href":"https:\/\/vhsbnv09.bn-paf.de\/index.php?rest_route=%2Fwp%2Fv2%2Fmedia&parent=1587"}],"curies":[{"name":"wp","href":"https:\/\/api.w.org\/{rel}","templated":true}]}}