{"id":1592,"date":"2020-01-24T10:45:57","date_gmt":"2020-01-24T09:45:57","guid":{"rendered":"http:\/\/vhsbnv09.bn-paf.de\/?page_id=1592"},"modified":"2020-01-24T10:50:56","modified_gmt":"2020-01-24T09:50:56","slug":"lektion-5-kamera","status":"publish","type":"page","link":"https:\/\/vhsbnv09.bn-paf.de\/?page_id=1592","title":{"rendered":"Lektion 5 Kamera"},"content":{"rendered":"<p><a href=\"https:\/\/play.google.com\/books\/reader?id=Ub83CwAAQBAJ&amp;hl=de&amp;pg=GBS.PT54.w.12.0.1\" target=\"_blank\" rel=\"noopener\">Kamera <\/a><\/p>\n<p>Mit der App \u201eKamera\u201d k\u00f6nnen Sie Fotos, Panoramafotos, Videos und sogar 360\u00b0-Panoramen mit Photo Sphere erstellen, auf denen Sie sehen k\u00f6nnen, was sich \u00fcber und unter Ihnen befindet. So \u00f6ffnen Sie die Kamera: Tippen Sie auf dem Sperrbildschirm auf das Kamerasymbol und wischen Sie vom Kamerasymbol unten rechts weg. Tippen Sie auf dem Startbildschirm auf das Kamerasymbol . Wenn Sie die Kamera zum ersten Mal \u00f6ffnen, werden Sie eventuell gefragt, ob die Aufnahmeorte f\u00fcr Fotos gespeichert werden sollen. So k\u00f6nnen Sie beispielsweise den Aufnahmeort eines bestimmten Fotos mit Google Maps ermitteln. Wenn Sie die Kamera \u00f6ffnen, sind mehrere verschiedene Kameramodi verf\u00fcgbar. Wischen Sie von links nach rechts oder tippen Sie auf den neuesten Nexus-Smartphones auf Men\u00fc . Das Kamerasymbol gibt den Kameramodus an. So nehmen Sie ein Bild auf:<\/p>\n<p><a href=\"http:\/\/vhsbnv09.bn-paf.de\/wp-content\/uploads\/2020\/01\/Bildschirmfoto-2020-01-24-um-10.33.42.png\"><img loading=\"lazy\" class=\"aligncenter wp-image-1594 size-full\" src=\"http:\/\/vhsbnv09.bn-paf.de\/wp-content\/uploads\/2020\/01\/Bildschirmfoto-2020-01-24-um-10.33.42.png\" alt=\"\" width=\"568\" height=\"477\" srcset=\"https:\/\/vhsbnv09.bn-paf.de\/wp-content\/uploads\/2020\/01\/Bildschirmfoto-2020-01-24-um-10.33.42.png 568w, https:\/\/vhsbnv09.bn-paf.de\/wp-content\/uploads\/2020\/01\/Bildschirmfoto-2020-01-24-um-10.33.42-300x252.png 300w\" sizes=\"(max-width: 568px) 100vw, 568px\" \/><\/a><\/p>\n","protected":false},"excerpt":{"rendered":"<p>Kamera Mit der App \u201eKamera\u201d k\u00f6nnen Sie Fotos, Panoramafotos, Videos und sogar 360\u00b0-Panoramen mit Photo Sphere erstellen, auf denen Sie sehen k\u00f6nnen, was sich \u00fcber und unter Ihnen befindet. So \u00f6ffnen Sie die Kamera: Tippen Sie auf dem Sperrbildschirm auf &hellip; <a href=\"https:\/\/vhsbnv09.bn-paf.de\/?page_id=1592\">Weiterlesen <span class=\"meta-nav\">&rarr;<\/span><\/a><\/p>\n","protected":false},"author":1,"featured_media":0,"parent":1495,"menu_order":5,"comment_status":"closed","ping_status":"closed","template":"onecolumn-page.php","meta":[],"_links":{"self":[{"href":"https:\/\/vhsbnv09.bn-paf.de\/index.php?rest_route=\/wp\/v2\/pages\/1592"}],"collection":[{"href":"https:\/\/vhsbnv09.bn-paf.de\/index.php?rest_route=\/wp\/v2\/pages"}],"about":[{"href":"https:\/\/vhsbnv09.bn-paf.de\/index.php?rest_route=\/wp\/v2\/types\/page"}],"author":[{"embeddable":true,"href":"https:\/\/vhsbnv09.bn-paf.de\/index.php?rest_route=\/wp\/v2\/users\/1"}],"replies":[{"embeddable":true,"href":"https:\/\/vhsbnv09.bn-paf.de\/index.php?rest_route=%2Fwp%2Fv2%2Fcomments&post=1592"}],"version-history":[{"count":2,"href":"https:\/\/vhsbnv09.bn-paf.de\/index.php?rest_route=\/wp\/v2\/pages\/1592\/revisions"}],"predecessor-version":[{"id":1595,"href":"https:\/\/vhsbnv09.bn-paf.de\/index.php?rest_route=\/wp\/v2\/pages\/1592\/revisions\/1595"}],"up":[{"embeddable":true,"href":"https:\/\/vhsbnv09.bn-paf.de\/index.php?rest_route=\/wp\/v2\/pages\/1495"}],"wp:attachment":[{"href":"https:\/\/vhsbnv09.bn-paf.de\/index.php?rest_route=%2Fwp%2Fv2%2Fmedia&parent=1592"}],"curies":[{"name":"wp","href":"https:\/\/api.w.org\/{rel}","templated":true}]}}