{"id":1596,"date":"2020-01-24T10:55:44","date_gmt":"2020-01-24T09:55:44","guid":{"rendered":"http:\/\/vhsbnv09.bn-paf.de\/?page_id=1596"},"modified":"2020-01-24T11:06:04","modified_gmt":"2020-01-24T10:06:04","slug":"lektion-6-fotos-bearbeiten-organisieren","status":"publish","type":"page","link":"https:\/\/vhsbnv09.bn-paf.de\/?page_id=1596","title":{"rendered":"Lektion 6 Fotos Bearbeiten, Organisieren"},"content":{"rendered":"<p><a href=\"https:\/\/play.google.com\/books\/reader?id=Ub83CwAAQBAJ&amp;hl=de&amp;pg=GBS.PT58.w.9.0.16\" target=\"_blank\" rel=\"noopener\">Fotos <\/a><\/p>\n<p>\u00dcber die Google Fotos App erhalten Sie sofortigen Zugriff auf alle Fotos auf Ihrem Smartphone oder Tablet sowie allen anderen Ger\u00e4ten, die mit Ihrer Fotogalerie von Google Fotos synchronisiert werden. Sie k\u00f6nnen Ihre Fotos nach beliebigen Begriffen durchsuchen. Weitere Informationen finden Sie unter Personen, Gegenst\u00e4nde und Orte in Ihren Fotos suchen . So \u00f6ffnen Sie Ihre Fotos: In der Kamera App: Wischen Sie von rechts nach links. Auf dem Bildschirm \u201eAlle Apps\u201d: Tippen Sie auf \u201eFotos\u201d . Mit der Fotos App k\u00f6nnen Sie ganz einfach Fotos und Videos speichern, sortieren und teilen. Sie k\u00f6nnen f\u00fcr die Sicherung Ihrer Fotos zwischen zwei Speichergr\u00f6\u00dfen w\u00e4hlen: \u201eHohe Qualit\u00e4t\u201d und \u201eOriginal\u201d.<\/p>\n<p><a href=\"http:\/\/vhsbnv09.bn-paf.de\/wp-content\/uploads\/2020\/01\/Bildschirmfoto-2020-01-24-um-10.57.03.png\"><img loading=\"lazy\" class=\"aligncenter wp-image-1598 size-full\" src=\"http:\/\/vhsbnv09.bn-paf.de\/wp-content\/uploads\/2020\/01\/Bildschirmfoto-2020-01-24-um-10.57.03.png\" alt=\"\" width=\"548\" height=\"393\" srcset=\"https:\/\/vhsbnv09.bn-paf.de\/wp-content\/uploads\/2020\/01\/Bildschirmfoto-2020-01-24-um-10.57.03.png 548w, https:\/\/vhsbnv09.bn-paf.de\/wp-content\/uploads\/2020\/01\/Bildschirmfoto-2020-01-24-um-10.57.03-300x215.png 300w\" sizes=\"(max-width: 548px) 100vw, 548px\" \/><\/a><\/p>\n","protected":false},"excerpt":{"rendered":"<p>Fotos \u00dcber die Google Fotos App erhalten Sie sofortigen Zugriff auf alle Fotos auf Ihrem Smartphone oder Tablet sowie allen anderen Ger\u00e4ten, die mit Ihrer Fotogalerie von Google Fotos synchronisiert werden. Sie k\u00f6nnen Ihre Fotos nach beliebigen Begriffen durchsuchen. Weitere &hellip; <a href=\"https:\/\/vhsbnv09.bn-paf.de\/?page_id=1596\">Weiterlesen <span class=\"meta-nav\">&rarr;<\/span><\/a><\/p>\n","protected":false},"author":1,"featured_media":0,"parent":1495,"menu_order":6,"comment_status":"closed","ping_status":"closed","template":"","meta":[],"_links":{"self":[{"href":"https:\/\/vhsbnv09.bn-paf.de\/index.php?rest_route=\/wp\/v2\/pages\/1596"}],"collection":[{"href":"https:\/\/vhsbnv09.bn-paf.de\/index.php?rest_route=\/wp\/v2\/pages"}],"about":[{"href":"https:\/\/vhsbnv09.bn-paf.de\/index.php?rest_route=\/wp\/v2\/types\/page"}],"author":[{"embeddable":true,"href":"https:\/\/vhsbnv09.bn-paf.de\/index.php?rest_route=\/wp\/v2\/users\/1"}],"replies":[{"embeddable":true,"href":"https:\/\/vhsbnv09.bn-paf.de\/index.php?rest_route=%2Fwp%2Fv2%2Fcomments&post=1596"}],"version-history":[{"count":3,"href":"https:\/\/vhsbnv09.bn-paf.de\/index.php?rest_route=\/wp\/v2\/pages\/1596\/revisions"}],"predecessor-version":[{"id":1600,"href":"https:\/\/vhsbnv09.bn-paf.de\/index.php?rest_route=\/wp\/v2\/pages\/1596\/revisions\/1600"}],"up":[{"embeddable":true,"href":"https:\/\/vhsbnv09.bn-paf.de\/index.php?rest_route=\/wp\/v2\/pages\/1495"}],"wp:attachment":[{"href":"https:\/\/vhsbnv09.bn-paf.de\/index.php?rest_route=%2Fwp%2Fv2%2Fmedia&parent=1596"}],"curies":[{"name":"wp","href":"https:\/\/api.w.org\/{rel}","templated":true}]}}