{"id":1605,"date":"2020-01-24T11:30:38","date_gmt":"2020-01-24T10:30:38","guid":{"rendered":"http:\/\/vhsbnv09.bn-paf.de\/?page_id=1605"},"modified":"2020-01-24T11:38:20","modified_gmt":"2020-01-24T10:38:20","slug":"lektion-8-bildschirm-beamen","status":"publish","type":"page","link":"https:\/\/vhsbnv09.bn-paf.de\/?page_id=1605","title":{"rendered":"Lektion 8 Bildschirm beamen"},"content":{"rendered":"<p><a href=\"https:\/\/play.google.com\/books\/reader?id=Ub83CwAAQBAJ&amp;hl=de&amp;pg=GBS.PT47\" target=\"_blank\" rel=\"noopener\">Android Beam<\/a><\/p>\n<p>Sie k\u00f6nnen eine Webseite, ein Video oder andere Inhalte von Ihrem Bildschirm direkt an ein anderes Ger\u00e4t senden oder \u201ebeamen\u201d, indem Sie die beiden Ger\u00e4te (\u00fcblicherweise R\u00fcckseite an R\u00fcckseite) aneinanderhalten. In manchen Apps bietet Ihnen auch das Symbol zum Teilen die Option zur Verwendung von Android Beam. Vorbereitung: Vergewissern Sie sich, dass beide Ger\u00e4te entsperrt sind. Au\u00dferdem m\u00fcssen sie die Nahfeldkommunikation (NFC) unterst\u00fctzen und sowohl NFC als auch Android Beam aktiviert haben. \u00dcberpr\u00fcfen Sie dies unter Einstellungen &gt; Drahtlos &amp; Netzwerke &gt; Mehr . Sehen Sie im gedruckten Handbuch f\u00fcr das Ger\u00e4t nach, um den NFC-Bereich zu ermitteln, oder sehen Sie im zugeh\u00f6rigen Hardwarediagramm nach. \u00d6ffnen Sie einen Bildschirm mit Inhalten, die Sie gerne teilen m\u00f6chten, etwa eine Webseite, ein YouTube-Video oder eine Google Places-Seite in Google Maps. Halten Sie die R\u00fcckseite Ihres Ger\u00e4ts an die R\u00fcckseite des anderen Ger\u00e4ts. Sobald die Ger\u00e4te eine Verbindung hergestellt haben, h\u00f6ren Sie ein akustisches Signal. Anschlie\u00dfend wird das Bild auf Ihrem Bildschirm verkleinert und es erscheint die Meldung Zum Beamen ber\u00fchren . Tippen Sie auf eine beliebige Stelle auf dem Bildschirm. Der \u00fcbertragene Inhalt wird auf dem anderen Ger\u00e4t angezeigt. Falls die erforderliche App nicht installiert ist, wird stattdessen Google Play in einem Bildschirm\u00a0ge\u00f6ffnet, in dem die andere Person die App herunterladen kann.<br \/>\nWenn Sie Android Beam aktivieren m\u00f6chten, wechseln Sie zu Einstellungen &gt; Drahtlos &amp; Netzwerke &gt; Mehr &gt; Android Beam.<\/p>\n<p><a href=\"http:\/\/vhsbnv09.bn-paf.de\/wp-content\/uploads\/2020\/01\/Bildschirmfoto-2020-01-24-um-11.38.19.png\"><img loading=\"lazy\" class=\"aligncenter wp-image-1611 size-large\" src=\"http:\/\/vhsbnv09.bn-paf.de\/wp-content\/uploads\/2020\/01\/Bildschirmfoto-2020-01-24-um-11.38.19-1024x543.png\" alt=\"\" width=\"640\" height=\"339\" srcset=\"https:\/\/vhsbnv09.bn-paf.de\/wp-content\/uploads\/2020\/01\/Bildschirmfoto-2020-01-24-um-11.38.19-1024x543.png 1024w, https:\/\/vhsbnv09.bn-paf.de\/wp-content\/uploads\/2020\/01\/Bildschirmfoto-2020-01-24-um-11.38.19-300x159.png 300w, https:\/\/vhsbnv09.bn-paf.de\/wp-content\/uploads\/2020\/01\/Bildschirmfoto-2020-01-24-um-11.38.19-768x407.png 768w, https:\/\/vhsbnv09.bn-paf.de\/wp-content\/uploads\/2020\/01\/Bildschirmfoto-2020-01-24-um-11.38.19.png 1297w\" sizes=\"(max-width: 640px) 100vw, 640px\" \/><\/a><\/p>\n","protected":false},"excerpt":{"rendered":"<p>Android Beam Sie k\u00f6nnen eine Webseite, ein Video oder andere Inhalte von Ihrem Bildschirm direkt an ein anderes Ger\u00e4t senden oder \u201ebeamen\u201d, indem Sie die beiden Ger\u00e4te (\u00fcblicherweise R\u00fcckseite an R\u00fcckseite) aneinanderhalten. In manchen Apps bietet Ihnen auch das Symbol &hellip; <a href=\"https:\/\/vhsbnv09.bn-paf.de\/?page_id=1605\">Weiterlesen <span class=\"meta-nav\">&rarr;<\/span><\/a><\/p>\n","protected":false},"author":1,"featured_media":0,"parent":1495,"menu_order":8,"comment_status":"closed","ping_status":"closed","template":"onecolumn-page.php","meta":[],"_links":{"self":[{"href":"https:\/\/vhsbnv09.bn-paf.de\/index.php?rest_route=\/wp\/v2\/pages\/1605"}],"collection":[{"href":"https:\/\/vhsbnv09.bn-paf.de\/index.php?rest_route=\/wp\/v2\/pages"}],"about":[{"href":"https:\/\/vhsbnv09.bn-paf.de\/index.php?rest_route=\/wp\/v2\/types\/page"}],"author":[{"embeddable":true,"href":"https:\/\/vhsbnv09.bn-paf.de\/index.php?rest_route=\/wp\/v2\/users\/1"}],"replies":[{"embeddable":true,"href":"https:\/\/vhsbnv09.bn-paf.de\/index.php?rest_route=%2Fwp%2Fv2%2Fcomments&post=1605"}],"version-history":[{"count":5,"href":"https:\/\/vhsbnv09.bn-paf.de\/index.php?rest_route=\/wp\/v2\/pages\/1605\/revisions"}],"predecessor-version":[{"id":1612,"href":"https:\/\/vhsbnv09.bn-paf.de\/index.php?rest_route=\/wp\/v2\/pages\/1605\/revisions\/1612"}],"up":[{"embeddable":true,"href":"https:\/\/vhsbnv09.bn-paf.de\/index.php?rest_route=\/wp\/v2\/pages\/1495"}],"wp:attachment":[{"href":"https:\/\/vhsbnv09.bn-paf.de\/index.php?rest_route=%2Fwp%2Fv2%2Fmedia&parent=1605"}],"curies":[{"name":"wp","href":"https:\/\/api.w.org\/{rel}","templated":true}]}}