{"id":1614,"date":"2020-01-24T11:41:38","date_gmt":"2020-01-24T10:41:38","guid":{"rendered":"http:\/\/vhsbnv09.bn-paf.de\/?page_id=1614"},"modified":"2020-01-24T11:42:56","modified_gmt":"2020-01-24T10:42:56","slug":"lektion-9-daten-speicher","status":"publish","type":"page","link":"https:\/\/vhsbnv09.bn-paf.de\/?page_id=1614","title":{"rendered":"Lektion 9 Daten, Speicher"},"content":{"rendered":"<p><a href=\"https:\/\/play.google.com\/books\/reader?id=Ub83CwAAQBAJ&amp;hl=de&amp;pg=GBS.PT48.w.10.0.1\" target=\"_blank\" rel=\"noopener\">Dateispeicher <\/a><\/p>\n<p>Unter Android 6.0 ist es ganz einfach, Bilder, Videos und andere Dateien auf Ihrem Ger\u00e4t zu speichern und zu durchsuchen und beispielsweise an E-Mails, Texte und andere Arten von Nachrichten anzuh\u00e4ngen. Sie k\u00f6nnen gespeicherte Bilder auch als Hintergrund f\u00fcr den Startbildschirm verwenden. Wenn Sie etwa ein Bild an eine E-Mail anh\u00e4ngen m\u00f6chten, tippen Sie beim Schreiben der E-Mail rechts oben auf die B\u00fcroklammer . Tippen Sie dann entweder auf Datei anh\u00e4ngen oder w\u00e4hlen Sie Aus Google Drive einf\u00fcgen aus, um gespeicherte Bilder aus Ihrem Drive-Ordner hinzuzuf\u00fcgen. Unter Datei anh\u00e4ngen k\u00f6nnen Sie die folgenden Quellen ansehen: Letzte zeigt die vor Kurzem aufgenommenen oder ge\u00f6ffneten Fotos oder Videos. Drive erm\u00f6glicht das Anh\u00e4ngen von Dateien, die Sie in Google Drive gespeichert haben. Bilder zeigt alle Fotos, Videos und anderen Bilder auf Ihrem Ger\u00e4t. Downloads enth\u00e4lt die meisten Dateien, au\u00dfer Google Play-Inhalten, die Sie von E-Mails oder aus dem Web heruntergeladen haben. Fotos erm\u00f6glicht das Durchsuchen aller Bilder und Videos auf Ihrem Ger\u00e4t oder solcher, die Sie in Ihr Google-Konto hochgeladen haben. Audio erm\u00f6glicht das Anh\u00e4ngen von Audiodateien, die Sie auf Ihr Ger\u00e4t \u00f6ffnen oder l\u00f6schen. Ausgenommen davon sind B\u00fccher, Videos, Zeitschriften und andere Medien von Google Play. In der App \u201eDownloads&#8220;: Tippen Sie auf ein Element, um es zu \u00f6ffnen. Halten Sie ein Element in Ihrer Downloads-Liste gedr\u00fcckt, um es auszuw\u00e4hlen. Wenn Sie das Element teilen m\u00f6chten, tippen Sie auf und w\u00e4hlen Sie eine Methode zum Teilen aus. Tippen Sie zum L\u00f6schen auf das Papierkorbsymbol . Inhalte, die Sie bei Google Play kaufen oder leihen, werden \u00fcber das Internet gestreamt. Das hei\u00dft, diese Inhalte nehmen keinen permanenten Speicherplatz in Anspruch. Obwohl Sie Inhalte aus Google Play-Apps herunterladen k\u00f6nnen, damit Sie auch offline darauf zugreifen k\u00f6nnen, erscheinen Google Play-Inhalte nie unter \u201eDownloads\u201d.<\/p>\n<p><a href=\"http:\/\/vhsbnv09.bn-paf.de\/wp-content\/uploads\/2020\/01\/Bildschirmfoto-2020-01-24-um-11.42.55.png\"><img loading=\"lazy\" class=\"aligncenter wp-image-1616 size-large\" src=\"http:\/\/vhsbnv09.bn-paf.de\/wp-content\/uploads\/2020\/01\/Bildschirmfoto-2020-01-24-um-11.42.55-1024x549.png\" alt=\"\" width=\"640\" height=\"343\" srcset=\"https:\/\/vhsbnv09.bn-paf.de\/wp-content\/uploads\/2020\/01\/Bildschirmfoto-2020-01-24-um-11.42.55-1024x549.png 1024w, https:\/\/vhsbnv09.bn-paf.de\/wp-content\/uploads\/2020\/01\/Bildschirmfoto-2020-01-24-um-11.42.55-300x161.png 300w, https:\/\/vhsbnv09.bn-paf.de\/wp-content\/uploads\/2020\/01\/Bildschirmfoto-2020-01-24-um-11.42.55-768x412.png 768w, https:\/\/vhsbnv09.bn-paf.de\/wp-content\/uploads\/2020\/01\/Bildschirmfoto-2020-01-24-um-11.42.55.png 1283w\" sizes=\"(max-width: 640px) 100vw, 640px\" \/><\/a><\/p>\n","protected":false},"excerpt":{"rendered":"<p>Dateispeicher Unter Android 6.0 ist es ganz einfach, Bilder, Videos und andere Dateien auf Ihrem Ger\u00e4t zu speichern und zu durchsuchen und beispielsweise an E-Mails, Texte und andere Arten von Nachrichten anzuh\u00e4ngen. Sie k\u00f6nnen gespeicherte Bilder auch als Hintergrund f\u00fcr &hellip; <a href=\"https:\/\/vhsbnv09.bn-paf.de\/?page_id=1614\">Weiterlesen <span class=\"meta-nav\">&rarr;<\/span><\/a><\/p>\n","protected":false},"author":1,"featured_media":0,"parent":1495,"menu_order":9,"comment_status":"closed","ping_status":"closed","template":"onecolumn-page.php","meta":[],"_links":{"self":[{"href":"https:\/\/vhsbnv09.bn-paf.de\/index.php?rest_route=\/wp\/v2\/pages\/1614"}],"collection":[{"href":"https:\/\/vhsbnv09.bn-paf.de\/index.php?rest_route=\/wp\/v2\/pages"}],"about":[{"href":"https:\/\/vhsbnv09.bn-paf.de\/index.php?rest_route=\/wp\/v2\/types\/page"}],"author":[{"embeddable":true,"href":"https:\/\/vhsbnv09.bn-paf.de\/index.php?rest_route=\/wp\/v2\/users\/1"}],"replies":[{"embeddable":true,"href":"https:\/\/vhsbnv09.bn-paf.de\/index.php?rest_route=%2Fwp%2Fv2%2Fcomments&post=1614"}],"version-history":[{"count":3,"href":"https:\/\/vhsbnv09.bn-paf.de\/index.php?rest_route=\/wp\/v2\/pages\/1614\/revisions"}],"predecessor-version":[{"id":1618,"href":"https:\/\/vhsbnv09.bn-paf.de\/index.php?rest_route=\/wp\/v2\/pages\/1614\/revisions\/1618"}],"up":[{"embeddable":true,"href":"https:\/\/vhsbnv09.bn-paf.de\/index.php?rest_route=\/wp\/v2\/pages\/1495"}],"wp:attachment":[{"href":"https:\/\/vhsbnv09.bn-paf.de\/index.php?rest_route=%2Fwp%2Fv2%2Fmedia&parent=1614"}],"curies":[{"name":"wp","href":"https:\/\/api.w.org\/{rel}","templated":true}]}}