{"id":1648,"date":"2020-01-30T08:54:24","date_gmt":"2020-01-30T07:54:24","guid":{"rendered":"http:\/\/vhsbnv09.bn-paf.de\/?page_id=1648"},"modified":"2020-01-30T10:09:01","modified_gmt":"2020-01-30T09:09:01","slug":"tablet-kurs-tag2","status":"publish","type":"page","link":"https:\/\/vhsbnv09.bn-paf.de\/?page_id=1648","title":{"rendered":"Tablet-Kurs Tag2"},"content":{"rendered":"<ul>\n<li>Adressbuch\u00a0<a href=\"https:\/\/support.apple.com\/de-de\/guide\/ipad\/ipad99df09b7\/ipados\" target=\"_blank\" rel=\"noopener\">Kontakte<\/a> anlegen<\/li>\n<li>Kontakte Suchen<\/li>\n<li>Mail Konto <a href=\"http:\/\/help.apple.com\/ipad\/11\/?lang=de#\/iPad995bb603\" target=\"_blank\" rel=\"noopener\">einrichten<\/a>?<\/li>\n<li><a href=\"https:\/\/support.apple.com\/de-de\/guide\/ipad\/ipad99a3f013\/ipados\" target=\"_blank\" rel=\"noopener\">eMail<\/a> schreiben<\/li>\n<li>Anh\u00e4nge l\u00f6sen<\/li>\n<li>Anh\u00e4nge hinzuf\u00fcgen<\/li>\n<li>Fotos versenden<\/li>\n<li><a href=\"https:\/\/support.apple.com\/de-de\/guide\/ipad\/ipad997d9642\/ipados\">Diktieren<\/a><\/li>\n<li>Drucken, speichern als PDF<\/li>\n<li>B\u00fccher kaufen, lesen, merken, <a href=\"https:\/\/play.google.com\/books?utm_source=emea_Med&amp;utm_medium=hasem&amp;utm_content=May1115&amp;utm_campaign=Evergreen&amp;pcampaignid=MKT-EG-emea-de-all-Med-hasem-bk-Evergreen-May1115-1%7CONSEM_kwid_43700007181529194&amp;gclid=EAIaIQobChMIhoL67_aq5wIV1_ZRCh2InQJGEAAYASAAEgJJbPD_BwE&amp;gclsrc=aw.ds\" target=\"_blank\" rel=\"noopener\">Google Books<\/a>, <a href=\"https:\/\/www.amazon.de\/kindle\" target=\"_blank\" rel=\"noopener\">Kindle<\/a>,\u00a0<a href=\"http:\/\/help.apple.com\/ipad\/11\/?lang=de#\/iPadc8494b6b\" target=\"_blank\" rel=\"noopener\">iBooks<\/a>,<\/li>\n<li>PDF laden, lesen, markieren<\/li>\n<li>Internet\u00a0<a href=\"https:\/\/support.apple.com\/de-de\/guide\/ipad\/ipad999d68f9\/ipados\" target=\"_blank\" rel=\"noopener\">Textseiten<\/a> \u00fcbernehmen<\/li>\n<li><a href=\"https:\/\/www.bn-paf.de\/ueber-uns\/mitgliedschaft\/\" target=\"_blank\" rel=\"noopener\">Formular<\/a> ausf\u00fcllen<\/li>\n<li>Apps laden oder kaufen, GooglePay<\/li>\n<li>Verwenden von Apps<\/li>\n<li>Laden von Apps, ZDF, ARD, BR, YouTube, DK<\/li>\n<li>Wechsel von Apps<\/li>\n<li><a href=\"http:\/\/help.apple.com\/ipad\/11\/?lang=de#\/iPad3e67c9c1\" target=\"_blank\" rel=\"noopener\">Multitasking<\/a><\/li>\n<li>Anordnen der Apps<\/li>\n<\/ul>\n","protected":false},"excerpt":{"rendered":"<p>Adressbuch\u00a0Kontakte anlegen Kontakte Suchen Mail Konto einrichten? eMail schreiben Anh\u00e4nge l\u00f6sen Anh\u00e4nge hinzuf\u00fcgen Fotos versenden Diktieren Drucken, speichern als PDF B\u00fccher kaufen, lesen, merken, Google Books, Kindle,\u00a0iBooks, PDF laden, lesen, markieren Internet\u00a0Textseiten \u00fcbernehmen Formular ausf\u00fcllen Apps laden oder kaufen, GooglePay &hellip; <a href=\"https:\/\/vhsbnv09.bn-paf.de\/?page_id=1648\">Weiterlesen <span class=\"meta-nav\">&rarr;<\/span><\/a><\/p>\n","protected":false},"author":1,"featured_media":0,"parent":1397,"menu_order":2,"comment_status":"closed","ping_status":"closed","template":"onecolumn-page.php","meta":[],"_links":{"self":[{"href":"https:\/\/vhsbnv09.bn-paf.de\/index.php?rest_route=\/wp\/v2\/pages\/1648"}],"collection":[{"href":"https:\/\/vhsbnv09.bn-paf.de\/index.php?rest_route=\/wp\/v2\/pages"}],"about":[{"href":"https:\/\/vhsbnv09.bn-paf.de\/index.php?rest_route=\/wp\/v2\/types\/page"}],"author":[{"embeddable":true,"href":"https:\/\/vhsbnv09.bn-paf.de\/index.php?rest_route=\/wp\/v2\/users\/1"}],"replies":[{"embeddable":true,"href":"https:\/\/vhsbnv09.bn-paf.de\/index.php?rest_route=%2Fwp%2Fv2%2Fcomments&post=1648"}],"version-history":[{"count":9,"href":"https:\/\/vhsbnv09.bn-paf.de\/index.php?rest_route=\/wp\/v2\/pages\/1648\/revisions"}],"predecessor-version":[{"id":1669,"href":"https:\/\/vhsbnv09.bn-paf.de\/index.php?rest_route=\/wp\/v2\/pages\/1648\/revisions\/1669"}],"up":[{"embeddable":true,"href":"https:\/\/vhsbnv09.bn-paf.de\/index.php?rest_route=\/wp\/v2\/pages\/1397"}],"wp:attachment":[{"href":"https:\/\/vhsbnv09.bn-paf.de\/index.php?rest_route=%2Fwp%2Fv2%2Fmedia&parent=1648"}],"curies":[{"name":"wp","href":"https:\/\/api.w.org\/{rel}","templated":true}]}}