{"id":1747,"date":"2020-11-10T15:33:51","date_gmt":"2020-11-10T14:33:51","guid":{"rendered":"http:\/\/vhsbnv09.bn-paf.de\/?page_id=1747"},"modified":"2020-11-10T15:38:41","modified_gmt":"2020-11-10T14:38:41","slug":"sprechen-mit-maske","status":"publish","type":"page","link":"https:\/\/vhsbnv09.bn-paf.de\/?page_id=1747","title":{"rendered":"Sprechen mit Maske"},"content":{"rendered":"<p><b>Erleichterung des Verstehens beim Sprechen mit Maske:<br \/>\n<\/b><em>Zusammengestellt von Susan Schelten-Cornish (akademische Sprachtherapeutin). Bei R\u00fcckfragen: 08441-3545 oder 0176-31429317 (Festnetz zuerst probieren).<\/em><\/p>\n<ul>\n<li>Schauen Sie Ihren Gespr\u00e4chspartner an.<\/li>\n<li>Bem\u00fchen Sie sich, deutlich zu sprechen, besonders die Mitlaute wie t\/k\/d\/g\/b\/p\/s\/sch\/ch\/f\/w\/l\/r\/j\/n\/m. Diese klingen wegen der Maske verwaschen.<span class=\"Apple-converted-space\">\u00a0<\/span><\/li>\n<li>Sprechen Sie etwas lauter als sonst.<\/li>\n<li>Sprechen Sie langsamer als sonst.<span class=\"Apple-converted-space\">\u00a0<\/span><\/li>\n<li>Sprechen Sie in kurzen, aber ganzen S\u00e4tzen, mit einfachen Worten.<\/li>\n<li>Bevorzugen Sie Fragen, die man mit \u201eja\u201c oder \u201enein\u201c beantworten kann.<\/li>\n<li>Wenn Sie etwas nicht verstehen, sagen Sie es gleich und wiederholen Sie, was Sie meinen verstanden zu haben.<span class=\"Apple-converted-space\">\u00a0<\/span><\/li>\n<li>Fragen Sie nach, ob Sie selber verstanden wurden.<\/li>\n<li>Nutzen Sie zus\u00e4tzlich zur Sprache die passenden Gesten (s. unten): Sie bieten Verst\u00e4ndnishilfen.<\/li>\n<li style=\"text-align: left;\">Folgende Kommunikationsm\u00f6glichkeiten erleichtern das Verstehen und bieten L\u00f6sungen bei Missverst\u00e4ndnissen: Vorzeigen von besprochenen Gegenst\u00e4nden, Zeichnen oder Schreiben auf Notizbl\u00f6cken, einzelne W\u00f6rter mit dem Finger auf Iphone (Notizen) oder Smartphone (Zeichenapps) in Druckschrift schreiben, Anwendung von Sprache-zu-Schrift Apps (s. unten).<\/li>\n<\/ul>\n","protected":false},"excerpt":{"rendered":"<p>Erleichterung des Verstehens beim Sprechen mit Maske: Zusammengestellt von Susan Schelten-Cornish (akademische Sprachtherapeutin). Bei R\u00fcckfragen: 08441-3545 oder 0176-31429317 (Festnetz zuerst probieren). Schauen Sie Ihren Gespr\u00e4chspartner an. Bem\u00fchen Sie sich, deutlich zu sprechen, besonders die Mitlaute wie t\/k\/d\/g\/b\/p\/s\/sch\/ch\/f\/w\/l\/r\/j\/n\/m. Diese klingen wegen &hellip; <a href=\"https:\/\/vhsbnv09.bn-paf.de\/?page_id=1747\">Weiterlesen <span class=\"meta-nav\">&rarr;<\/span><\/a><\/p>\n","protected":false},"author":1,"featured_media":0,"parent":617,"menu_order":3,"comment_status":"closed","ping_status":"closed","template":"","meta":[],"_links":{"self":[{"href":"https:\/\/vhsbnv09.bn-paf.de\/index.php?rest_route=\/wp\/v2\/pages\/1747"}],"collection":[{"href":"https:\/\/vhsbnv09.bn-paf.de\/index.php?rest_route=\/wp\/v2\/pages"}],"about":[{"href":"https:\/\/vhsbnv09.bn-paf.de\/index.php?rest_route=\/wp\/v2\/types\/page"}],"author":[{"embeddable":true,"href":"https:\/\/vhsbnv09.bn-paf.de\/index.php?rest_route=\/wp\/v2\/users\/1"}],"replies":[{"embeddable":true,"href":"https:\/\/vhsbnv09.bn-paf.de\/index.php?rest_route=%2Fwp%2Fv2%2Fcomments&post=1747"}],"version-history":[{"count":3,"href":"https:\/\/vhsbnv09.bn-paf.de\/index.php?rest_route=\/wp\/v2\/pages\/1747\/revisions"}],"predecessor-version":[{"id":1750,"href":"https:\/\/vhsbnv09.bn-paf.de\/index.php?rest_route=\/wp\/v2\/pages\/1747\/revisions\/1750"}],"up":[{"embeddable":true,"href":"https:\/\/vhsbnv09.bn-paf.de\/index.php?rest_route=\/wp\/v2\/pages\/617"}],"wp:attachment":[{"href":"https:\/\/vhsbnv09.bn-paf.de\/index.php?rest_route=%2Fwp%2Fv2%2Fmedia&parent=1747"}],"curies":[{"name":"wp","href":"https:\/\/api.w.org\/{rel}","templated":true}]}}