{"id":1752,"date":"2020-11-24T09:59:22","date_gmt":"2020-11-24T08:59:22","guid":{"rendered":"http:\/\/vhsbnv09.bn-paf.de\/?page_id=1752"},"modified":"2020-11-24T10:47:59","modified_gmt":"2020-11-24T09:47:59","slug":"presse","status":"publish","type":"page","link":"https:\/\/vhsbnv09.bn-paf.de\/?page_id=1752","title":{"rendered":"Presse"},"content":{"rendered":"<p><b>Datensammeln wird eingeschr\u00e4nkt PK 20.11.2020<\/b><\/p>\n<p>Apple setzt Ma\u00dfnahmen f\u00fcr mehr Privatsph\u00e4re wie geplant um<\/p>\n<p>Cupertino \u2013 Apple wird die neuen M\u00f6glichkeiten f\u00fcr Nutzer, die Datensammlung durch Apps einzuschr\u00e4nken, trotz Gegenwinds gro\u00dfer Online-Player wie Facebook wie geplant umsetzen. Das geht aus einem am Donnerstag (Ortszeit) ver\u00f6ffentlichten Brief des iPhone-Konzerns an Menschenrechtsorganisationen wie Amnesty International und Human Rights Watch hervor.<span class=\"Apple-converted-space\">\u00a0<\/span><\/p>\n<p>Durch die Neuerungen sollen Nutzer von Apple-Ger\u00e4ten leichter verhindern k\u00f6nnen, dass Apps und Werbedienste Informationen \u00fcber ihr Verhalten \u00fcber die Grenzen einzelner Anwendungen und Websites hinweg sammeln. Apples Plan ist, dass jede App die Nutzer f\u00fcr den Zugriff um Erlaubnis fragen muss. Facebook warnte davor, dass die \u00c4nderung das Werbegesch\u00e4ft des Online-Netzwerks erschweren w\u00fcrde. Firmenchef Mark Zuckerberg kritisierte zuletzt, da viele kleine und mittlere Unternehmen auf Werbung im Netz angewiesen seien, k\u00f6nne dies die Erholung der Wirtschaft von der Corona-Pandemie beeintr\u00e4chtigen.<\/p>\n<p>\u201eIch sehe das nicht so\u201c, sagte Apples Software-Chef Craig Federighi dazu. Das aufdringliche Nachverfolgen der Nutzer-Aktivit\u00e4t komme letztlich nur dem \u201edatenindustriellen Komplex\u201c und gro\u00dfen Tech-Konzernen zugute. \u201eWir denken, dass invasives Tracking dem gesamten \u00d6kosystem schadet, weil es das Vertrauen der Nutzer in die Systeme mindert.\u201c Apple sei \u00fcberzeugt, dass sein neues Verfahren f\u00fcr alle Marktteilnehmer gut sei. \u201eDie vorrangigen Verlierer sind vielleicht die gro\u00dfen Unternehmen, die ein Gesch\u00e4ft daraus machen wollen, gro\u00dfe Mengen von Daten zu sammeln.\u201c<span class=\"Apple-converted-space\">\u00a0<\/span><\/p>\n<p>Die Freigabe-Anfragen waren eigentlich schon f\u00fcr den Start des neuen Mobil-Systems iOS 14 im Herbst angek\u00fcndigt. Im September verschob Apple ihre Einf\u00fchrung jedoch auf Anfang kommenden Jahres. dpa<\/p>\n<p><img alt=\"donaukurier.de - meine Heimat.pdf\" \/><\/p>\n","protected":false},"excerpt":{"rendered":"<p>Datensammeln wird eingeschr\u00e4nkt PK 20.11.2020 Apple setzt Ma\u00dfnahmen f\u00fcr mehr Privatsph\u00e4re wie geplant um Cupertino \u2013 Apple wird die neuen M\u00f6glichkeiten f\u00fcr Nutzer, die Datensammlung durch Apps einzuschr\u00e4nken, trotz Gegenwinds gro\u00dfer Online-Player wie Facebook wie geplant umsetzen. Das geht aus &hellip; <a href=\"https:\/\/vhsbnv09.bn-paf.de\/?page_id=1752\">Weiterlesen <span class=\"meta-nav\">&rarr;<\/span><\/a><\/p>\n","protected":false},"author":1,"featured_media":0,"parent":32,"menu_order":2,"comment_status":"closed","ping_status":"closed","template":"onecolumn-page.php","meta":[],"_links":{"self":[{"href":"https:\/\/vhsbnv09.bn-paf.de\/index.php?rest_route=\/wp\/v2\/pages\/1752"}],"collection":[{"href":"https:\/\/vhsbnv09.bn-paf.de\/index.php?rest_route=\/wp\/v2\/pages"}],"about":[{"href":"https:\/\/vhsbnv09.bn-paf.de\/index.php?rest_route=\/wp\/v2\/types\/page"}],"author":[{"embeddable":true,"href":"https:\/\/vhsbnv09.bn-paf.de\/index.php?rest_route=\/wp\/v2\/users\/1"}],"replies":[{"embeddable":true,"href":"https:\/\/vhsbnv09.bn-paf.de\/index.php?rest_route=%2Fwp%2Fv2%2Fcomments&post=1752"}],"version-history":[{"count":4,"href":"https:\/\/vhsbnv09.bn-paf.de\/index.php?rest_route=\/wp\/v2\/pages\/1752\/revisions"}],"predecessor-version":[{"id":1756,"href":"https:\/\/vhsbnv09.bn-paf.de\/index.php?rest_route=\/wp\/v2\/pages\/1752\/revisions\/1756"}],"up":[{"embeddable":true,"href":"https:\/\/vhsbnv09.bn-paf.de\/index.php?rest_route=\/wp\/v2\/pages\/32"}],"wp:attachment":[{"href":"https:\/\/vhsbnv09.bn-paf.de\/index.php?rest_route=%2Fwp%2Fv2%2Fmedia&parent=1752"}],"curies":[{"name":"wp","href":"https:\/\/api.w.org\/{rel}","templated":true}]}}