{"id":627,"date":"2016-10-31T09:43:47","date_gmt":"2016-10-31T08:43:47","guid":{"rendered":"http:\/\/vhsbnv09.bn-paf.de\/?page_id=627"},"modified":"2018-01-19T11:28:04","modified_gmt":"2018-01-19T10:28:04","slug":"tag4-einsteigerkurs","status":"publish","type":"page","link":"https:\/\/vhsbnv09.bn-paf.de\/?page_id=627","title":{"rendered":"Tag4 Einsteigerkurs"},"content":{"rendered":"<p>Tag4 iPad Kurs f\u00fcr Einsteiger<\/p>\n<ul>\n<li>Safari <a href=\"http:\/\/vhsbnv09.bn-paf.de\" target=\"_blank\" rel=\"noopener\">Textseiten<\/a> \u00fcbernehmen<\/li>\n<li>Drucken, speichern als PDF<\/li>\n<li><a href=\"http:\/\/help.apple.com\/ipad\/11\/?lang=de#\/iPadc8494b6b\" target=\"_blank\" rel=\"noopener\">iBooks<\/a>, B\u00fccher kaufen, lesen, merken<br \/>\nPDF laden, lesen, markieren<\/li>\n<li><a href=\"http:\/\/www.pafunddu.de\/register\/\">Formular<\/a> ausf\u00fcllen<\/li>\n<li><a href=\"http:\/\/help.apple.com\/ipad\/11\/?lang=de#\/iPad9b4cea76\" target=\"_blank\" rel=\"noopener\">App<\/a> laden<\/li>\n<li>Verwenden von Apps<\/li>\n<li>Laden von Apps, ZDF, ARD, BR, YouTube, DK<\/li>\n<li>Wechsel von Apps<\/li>\n<li><a href=\"http:\/\/help.apple.com\/ipad\/11\/?lang=de#\/iPad3e67c9c1\" target=\"_blank\" rel=\"noopener\">Multitasking<\/a><\/li>\n<li>Anordnen der Apps<\/li>\n<li>Kamera, <a href=\"http:\/\/help.apple.com\/ipad\/11\/?lang=de#\/iPad99e41c18\" target=\"_blank\" rel=\"noopener\">Fotos<\/a><\/li>\n<\/ul>\n","protected":false},"excerpt":{"rendered":"<p>Tag4 iPad Kurs f\u00fcr Einsteiger Safari Textseiten \u00fcbernehmen Drucken, speichern als PDF iBooks, B\u00fccher kaufen, lesen, merken PDF laden, lesen, markieren Formular ausf\u00fcllen App laden Verwenden von Apps Laden von Apps, ZDF, ARD, BR, YouTube, DK Wechsel von Apps Multitasking &hellip; <a href=\"https:\/\/vhsbnv09.bn-paf.de\/?page_id=627\">Weiterlesen <span class=\"meta-nav\">&rarr;<\/span><\/a><\/p>\n","protected":false},"author":1,"featured_media":0,"parent":600,"menu_order":4,"comment_status":"closed","ping_status":"closed","template":"","meta":[],"_links":{"self":[{"href":"https:\/\/vhsbnv09.bn-paf.de\/index.php?rest_route=\/wp\/v2\/pages\/627"}],"collection":[{"href":"https:\/\/vhsbnv09.bn-paf.de\/index.php?rest_route=\/wp\/v2\/pages"}],"about":[{"href":"https:\/\/vhsbnv09.bn-paf.de\/index.php?rest_route=\/wp\/v2\/types\/page"}],"author":[{"embeddable":true,"href":"https:\/\/vhsbnv09.bn-paf.de\/index.php?rest_route=\/wp\/v2\/users\/1"}],"replies":[{"embeddable":true,"href":"https:\/\/vhsbnv09.bn-paf.de\/index.php?rest_route=%2Fwp%2Fv2%2Fcomments&post=627"}],"version-history":[{"count":15,"href":"https:\/\/vhsbnv09.bn-paf.de\/index.php?rest_route=\/wp\/v2\/pages\/627\/revisions"}],"predecessor-version":[{"id":1195,"href":"https:\/\/vhsbnv09.bn-paf.de\/index.php?rest_route=\/wp\/v2\/pages\/627\/revisions\/1195"}],"up":[{"embeddable":true,"href":"https:\/\/vhsbnv09.bn-paf.de\/index.php?rest_route=\/wp\/v2\/pages\/600"}],"wp:attachment":[{"href":"https:\/\/vhsbnv09.bn-paf.de\/index.php?rest_route=%2Fwp%2Fv2%2Fmedia&parent=627"}],"curies":[{"name":"wp","href":"https:\/\/api.w.org\/{rel}","templated":true}]}}