{"id":629,"date":"2016-10-31T09:47:01","date_gmt":"2016-10-31T08:47:01","guid":{"rendered":"http:\/\/vhsbnv09.bn-paf.de\/?page_id=629"},"modified":"2018-01-19T11:12:16","modified_gmt":"2018-01-19T10:12:16","slug":"tag3-einsteigerkurs","status":"publish","type":"page","link":"https:\/\/vhsbnv09.bn-paf.de\/?page_id=629","title":{"rendered":"Tag3 Einsteigerkurs"},"content":{"rendered":"<p>Tag3 iPad Kurs f\u00fcr Einsteiger<\/p>\n<ul>\n<li>Mail Konto <a href=\"http:\/\/help.apple.com\/ipad\/11\/?lang=de#\/iPad995bb603\" target=\"_blank\" rel=\"noopener\">einrichten<\/a>?<\/li>\n<li><a href=\"http:\/\/help.apple.com\/ipad\/11\/?lang=de#\/iPad99df09b7\" target=\"_blank\" rel=\"noopener\">Kontakte<\/a> anlegen<\/li>\n<li><a href=\"http:\/\/help.apple.com\/ipad\/11\/?lang=de#\/iPad99a3f013\" target=\"_blank\" rel=\"noopener\">eMail<\/a> schreiben<\/li>\n<li>Anh\u00e4nge l\u00f6sen<\/li>\n<li><a href=\"http:\/\/help.apple.com\/ipad\/11\/?lang=de#\/iPad89149658\" target=\"_blank\" rel=\"noopener\">Anh\u00e4nge<\/a> hinzuf\u00fcgen<\/li>\n<li>Fotos versenden<\/li>\n<li><a href=\"http:\/\/help.apple.com\/ipad\/9\/?lang=de#\/iPad997d9642\">Diktieren<\/a><\/li>\n<li>Kontakte Suchen<\/li>\n<\/ul>\n","protected":false},"excerpt":{"rendered":"<p>Tag3 iPad Kurs f\u00fcr Einsteiger Mail Konto einrichten? Kontakte anlegen eMail schreiben Anh\u00e4nge l\u00f6sen Anh\u00e4nge hinzuf\u00fcgen Fotos versenden Diktieren Kontakte Suchen<\/p>\n","protected":false},"author":1,"featured_media":0,"parent":600,"menu_order":3,"comment_status":"closed","ping_status":"closed","template":"","meta":[],"_links":{"self":[{"href":"https:\/\/vhsbnv09.bn-paf.de\/index.php?rest_route=\/wp\/v2\/pages\/629"}],"collection":[{"href":"https:\/\/vhsbnv09.bn-paf.de\/index.php?rest_route=\/wp\/v2\/pages"}],"about":[{"href":"https:\/\/vhsbnv09.bn-paf.de\/index.php?rest_route=\/wp\/v2\/types\/page"}],"author":[{"embeddable":true,"href":"https:\/\/vhsbnv09.bn-paf.de\/index.php?rest_route=\/wp\/v2\/users\/1"}],"replies":[{"embeddable":true,"href":"https:\/\/vhsbnv09.bn-paf.de\/index.php?rest_route=%2Fwp%2Fv2%2Fcomments&post=629"}],"version-history":[{"count":16,"href":"https:\/\/vhsbnv09.bn-paf.de\/index.php?rest_route=\/wp\/v2\/pages\/629\/revisions"}],"predecessor-version":[{"id":1187,"href":"https:\/\/vhsbnv09.bn-paf.de\/index.php?rest_route=\/wp\/v2\/pages\/629\/revisions\/1187"}],"up":[{"embeddable":true,"href":"https:\/\/vhsbnv09.bn-paf.de\/index.php?rest_route=\/wp\/v2\/pages\/600"}],"wp:attachment":[{"href":"https:\/\/vhsbnv09.bn-paf.de\/index.php?rest_route=%2Fwp%2Fv2%2Fmedia&parent=629"}],"curies":[{"name":"wp","href":"https:\/\/api.w.org\/{rel}","templated":true}]}}