{"id":8,"date":"2016-07-08T12:32:27","date_gmt":"2016-07-08T10:32:27","guid":{"rendered":"http:\/\/vhsbnv09.bn-paf.de\/?page_id=8"},"modified":"2018-05-08T17:57:20","modified_gmt":"2018-05-08T15:57:20","slug":"tag-1","status":"publish","type":"page","link":"https:\/\/vhsbnv09.bn-paf.de\/?page_id=8","title":{"rendered":"Tag 1 Aufbaukurs"},"content":{"rendered":"<p style=\"text-align: center\">Themen heute iPad Aufbaukurs 1.Kurstag<\/p>\n<ul>\n<li>Vorstellung\/Abfrage<\/li>\n<li>iCloud <a href=\"https:\/\/help.apple.com\/ipad\/11\/?lang=de#\/iPad995bbafe\">Information<\/a> Datenschutz Sicherheit<\/li>\n<li>Software Stand abfragen<br \/>\nEinstellungen&gt;Allgemein&gt;Info<\/li>\n<li>Bildschirm, Airplay<a href=\"https:\/\/help.apple.com\/ipad\/10\/?lang=de#\/iPad9a2465f9\">Bedienungshilfe<\/a><\/li>\n<li>Einstellungen,<br \/>\nEinstellungen&gt;Allgemein&gt;Bedienungshilfe<\/li>\n<li>Mail Konto einrichten f\u00fcr \u00dcbungszwecken<br \/>\nEinstellungen&gt;Account, Mail, Kontakte,Kalender&gt;<a href=\"https:\/\/www.bn-paf.de\/zugriff-via-iphone\/\">Account<\/a> hinzuf\u00fcgen<\/li>\n<li><a href=\"https:\/\/www.youtube.com\/watch?v=vWkva0EuMRM&#038;list=PLqYMJHwg7LMit0AlgFobB2v70VSY3TjQe&#038;index=14\" target=\"_blank\" rel=\"noopener\">Video<\/a> f\u00fcr iCloud Empfehlung<\/li>\n<\/ul>\n","protected":false},"excerpt":{"rendered":"<p>Themen heute iPad Aufbaukurs 1.Kurstag Vorstellung\/Abfrage iCloud Information Datenschutz Sicherheit Software Stand abfragen Einstellungen&gt;Allgemein&gt;Info Bildschirm, AirplayBedienungshilfe Einstellungen, Einstellungen&gt;Allgemein&gt;Bedienungshilfe Mail Konto einrichten f\u00fcr \u00dcbungszwecken Einstellungen&gt;Account, Mail, Kontakte,Kalender&gt;Account hinzuf\u00fcgen Video f\u00fcr iCloud Empfehlung<\/p>\n","protected":false},"author":1,"featured_media":0,"parent":602,"menu_order":1,"comment_status":"closed","ping_status":"closed","template":"","meta":[],"_links":{"self":[{"href":"https:\/\/vhsbnv09.bn-paf.de\/index.php?rest_route=\/wp\/v2\/pages\/8"}],"collection":[{"href":"https:\/\/vhsbnv09.bn-paf.de\/index.php?rest_route=\/wp\/v2\/pages"}],"about":[{"href":"https:\/\/vhsbnv09.bn-paf.de\/index.php?rest_route=\/wp\/v2\/types\/page"}],"author":[{"embeddable":true,"href":"https:\/\/vhsbnv09.bn-paf.de\/index.php?rest_route=\/wp\/v2\/users\/1"}],"replies":[{"embeddable":true,"href":"https:\/\/vhsbnv09.bn-paf.de\/index.php?rest_route=%2Fwp%2Fv2%2Fcomments&post=8"}],"version-history":[{"count":15,"href":"https:\/\/vhsbnv09.bn-paf.de\/index.php?rest_route=\/wp\/v2\/pages\/8\/revisions"}],"predecessor-version":[{"id":1305,"href":"https:\/\/vhsbnv09.bn-paf.de\/index.php?rest_route=\/wp\/v2\/pages\/8\/revisions\/1305"}],"up":[{"embeddable":true,"href":"https:\/\/vhsbnv09.bn-paf.de\/index.php?rest_route=\/wp\/v2\/pages\/602"}],"wp:attachment":[{"href":"https:\/\/vhsbnv09.bn-paf.de\/index.php?rest_route=%2Fwp%2Fv2%2Fmedia&parent=8"}],"curies":[{"name":"wp","href":"https:\/\/api.w.org\/{rel}","templated":true}]}}